{"id":1709,"date":"2023-09-08T15:51:49","date_gmt":"2023-09-08T20:51:49","guid":{"rendered":"https:\/\/pruebas.mccusa.co\/quem-somos\/"},"modified":"2024-05-30T14:28:10","modified_gmt":"2024-05-30T19:28:10","slug":"quem-somos","status":"publish","type":"page","link":"https:\/\/pruebas.mccusa.co\/pt-br\/quem-somos\/","title":{"rendered":"Quem Somos"},"content":{"rendered":"\t\t<div data-elementor-type=\"wp-page\" data-elementor-id=\"1709\" class=\"elementor elementor-1709 elementor-456\" data-elementor-post-type=\"page\">\n\t\t\t\t<div class=\"elementor-element elementor-element-5a39bee e-flex e-con-boxed e-con e-parent\" data-id=\"5a39bee\" data-element_type=\"container\" data-e-type=\"container\" data-settings=\"{&quot;background_background&quot;:&quot;classic&quot;}\">\n\t\t\t\t\t<div class=\"e-con-inner\">\n\t\t\t\t<div class=\"elementor-element elementor-element-9a1151e elementor-widget elementor-widget-heading\" data-id=\"9a1151e\" data-element_type=\"widget\" data-e-type=\"widget\" data-widget_type=\"heading.default\">\n\t\t\t\t<div class=\"elementor-widget-container\">\n\t\t\t\t\t<h2 class=\"elementor-heading-title elementor-size-default\">\u00bfQuem somos?<\/h2>\t\t\t\t<\/div>\n\t\t\t\t<\/div>\n\t\t\t\t<div class=\"elementor-element elementor-element-a4134cc elementor-widget__width-initial elementor-widget elementor-widget-text-editor\" data-id=\"a4134cc\" data-element_type=\"widget\" data-e-type=\"widget\" data-widget_type=\"text-editor.default\">\n\t\t\t\t<div class=\"elementor-widget-container\">\n\t\t\t\t\t\t\t\t\t<p><span style=\"font-weight: 400; margin: 0;\">Somos uma empresa de recrutamento para trabalhadores que desejam se candidatar a vagas de emprego nos EUA.<\/span><\/p>\n\t\t\t\t\t\t\t\t<\/div>\n\t\t\t\t<\/div>\n\t\t\t\t<div class=\"elementor-element elementor-element-5f3d40e elementor-widget elementor-widget-text-editor\" data-id=\"5f3d40e\" data-element_type=\"widget\" data-e-type=\"widget\" data-widget_type=\"text-editor.default\">\n\t\t\t\t<div class=\"elementor-widget-container\">\n\t\t\t\t\t\t\t\t\t<p><span style=\"margin: 0;\">A resid\u00eancia nos Estados Unidos \u00e9 o caminho para a cidadania.<\/span><\/p>\n\t\t\t\t\t\t\t\t<\/div>\n\t\t\t\t<\/div>\n\t\t\t\t\t<\/div>\n\t\t\t\t<\/div>\n\t\t<div class=\"elementor-element elementor-element-55b4599 e-flex e-con-boxed e-con e-parent\" data-id=\"55b4599\" data-element_type=\"container\" data-e-type=\"container\" data-settings=\"{&quot;background_background&quot;:&quot;classic&quot;}\">\n\t\t\t\t\t<div class=\"e-con-inner\">\n\t\t<div class=\"elementor-element elementor-element-24dbbe3 e-con-full e-flex e-con e-child\" data-id=\"24dbbe3\" data-element_type=\"container\" data-e-type=\"container\">\n\t\t<div class=\"elementor-element elementor-element-6d4bd6c e-con-full e-flex e-con e-child\" data-id=\"6d4bd6c\" data-element_type=\"container\" data-e-type=\"container\" data-settings=\"{&quot;background_background&quot;:&quot;classic&quot;}\">\n\t\t\t\t<div class=\"elementor-element elementor-element-2c950a2 elementor-widget elementor-widget-image\" data-id=\"2c950a2\" data-element_type=\"widget\" data-e-type=\"widget\" data-widget_type=\"image.default\">\n\t\t\t\t<div class=\"elementor-widget-container\">\n\t\t\t\t\t\t\t\t\t\t\t\t\t\t\t<img decoding=\"async\" width=\"199\" height=\"199\" src=\"https:\/\/pruebas.mccusa.co\/wp-content\/uploads\/2024\/05\/icono-mundo.png\" class=\"attachment-large size-large wp-image-11520\" alt=\"\" srcset=\"https:\/\/pruebas.mccusa.co\/wp-content\/uploads\/2024\/05\/icono-mundo.png 199w, https:\/\/pruebas.mccusa.co\/wp-content\/uploads\/2024\/05\/icono-mundo-150x150.png 150w\" sizes=\"(max-width: 199px) 100vw, 199px\" \/>\t\t\t\t\t\t\t\t\t\t\t\t\t\t\t<\/div>\n\t\t\t\t<\/div>\n\t\t\t\t<div class=\"elementor-element elementor-element-1666d64 elementor-widget elementor-widget-heading\" data-id=\"1666d64\" data-element_type=\"widget\" data-e-type=\"widget\" data-widget_type=\"heading.default\">\n\t\t\t\t<div class=\"elementor-widget-container\">\n\t\t\t\t\t<h2 class=\"elementor-heading-title elementor-size-default\">Miss\u00e3o<\/h2>\t\t\t\t<\/div>\n\t\t\t\t<\/div>\n\t\t\t\t<\/div>\n\t\t\t\t<div class=\"elementor-element elementor-element-0bb6258 elementor-widget elementor-widget-text-editor\" data-id=\"0bb6258\" data-element_type=\"widget\" data-e-type=\"widget\" data-widget_type=\"text-editor.default\">\n\t\t\t\t<div class=\"elementor-widget-container\">\n\t\t\t\t\t\t\t\t\t<p><b>Proporcionar oportunidades capazes de mudar a vida das pessoas,<\/b> <span style=\"font-weight: 400;\">criando parcerias de longo prazo mutuamente ben\u00e9ficas entre colaboradores e empresas estadunidenses, por meio do programa de visto de imigrante EB-3, fornecendo suporte e aconselhamento honesto e competente para construir relacionamentos de confian\u00e7a e promover o sucesso.<\/span><\/p>\n\t\t\t\t\t\t\t\t<\/div>\n\t\t\t\t<\/div>\n\t\t\t\t<\/div>\n\t\t\t\t\t<\/div>\n\t\t\t\t<\/div>\n\t\t<div class=\"elementor-element elementor-element-d07bff9 e-flex e-con-boxed e-con e-parent\" data-id=\"d07bff9\" data-element_type=\"container\" data-e-type=\"container\" data-settings=\"{&quot;background_background&quot;:&quot;classic&quot;}\">\n\t\t\t\t\t<div class=\"e-con-inner\">\n\t\t<div class=\"elementor-element elementor-element-011032c e-con-full e-flex e-con e-child\" data-id=\"011032c\" data-element_type=\"container\" data-e-type=\"container\">\n\t\t<div class=\"elementor-element elementor-element-b977e4d e-con-full e-flex e-con e-child\" data-id=\"b977e4d\" data-element_type=\"container\" data-e-type=\"container\" data-settings=\"{&quot;background_background&quot;:&quot;classic&quot;}\">\n\t\t\t\t<div class=\"elementor-element elementor-element-74d5999 elementor-widget elementor-widget-image\" data-id=\"74d5999\" data-element_type=\"widget\" data-e-type=\"widget\" data-widget_type=\"image.default\">\n\t\t\t\t<div class=\"elementor-widget-container\">\n\t\t\t\t\t\t\t\t\t\t\t\t\t\t\t<img decoding=\"async\" width=\"174\" height=\"196\" src=\"https:\/\/pruebas.mccusa.co\/wp-content\/uploads\/2024\/05\/icono-luz.png\" class=\"attachment-large size-large wp-image-11523\" alt=\"\" \/>\t\t\t\t\t\t\t\t\t\t\t\t\t\t\t<\/div>\n\t\t\t\t<\/div>\n\t\t\t\t<div class=\"elementor-element elementor-element-6e535b4 elementor-widget elementor-widget-heading\" data-id=\"6e535b4\" data-element_type=\"widget\" data-e-type=\"widget\" data-widget_type=\"heading.default\">\n\t\t\t\t<div class=\"elementor-widget-container\">\n\t\t\t\t\t<h2 class=\"elementor-heading-title elementor-size-default\">Vis\u00e3o<\/h2>\t\t\t\t<\/div>\n\t\t\t\t<\/div>\n\t\t\t\t<\/div>\n\t\t\t\t<div class=\"elementor-element elementor-element-0b8e162 elementor-widget elementor-widget-text-editor\" data-id=\"0b8e162\" data-element_type=\"widget\" data-e-type=\"widget\" data-widget_type=\"text-editor.default\">\n\t\t\t\t<div class=\"elementor-widget-container\">\n\t\t\t\t\t\t\t\t\t<p><span style=\"font-weight: 400;\">Em 2025, a MCC USA<\/span> <b>quer ser a l\u00edder na conex\u00e3o entre empresas americanas com vagas de emprego<\/b> <span style=\"font-weight: 400;\">e trabalhadores que desejam obter resid\u00eancia permanente por meio de um visto EB-3, a fim de realizar seus planos de vida nos Estados Unidos.<\/span><\/p>\n\t\t\t\t\t\t\t\t<\/div>\n\t\t\t\t<\/div>\n\t\t\t\t<\/div>\n\t\t\t\t\t<\/div>\n\t\t\t\t<\/div>\n\t\t\t\t<\/div>\n\t\t","protected":false},"excerpt":{"rendered":"<p>\u00bfQuem somos? Somos uma empresa de recrutamento para trabalhadores que desejam se candidatar a vagas de emprego nos EUA. A resid\u00eancia nos Estados Unidos \u00e9 o caminho para a cidadania. Miss\u00e3o Proporcionar oportunidades capazes de mudar a vida das pessoas, criando parcerias de longo prazo mutuamente ben\u00e9ficas entre colaboradores e empresas estadunidenses, por meio do [&hellip;]<\/p>\n","protected":false},"author":1,"featured_media":0,"parent":0,"menu_order":0,"comment_status":"closed","ping_status":"closed","template":"","meta":{"_acf_changed":false,"inline_featured_image":false,"footnotes":""},"class_list":["post-1709","page","type-page","status-publish","hentry"],"acf":[],"_links":{"self":[{"href":"https:\/\/pruebas.mccusa.co\/pt-br\/wp-json\/wp\/v2\/pages\/1709","targetHints":{"allow":["GET"]}}],"collection":[{"href":"https:\/\/pruebas.mccusa.co\/pt-br\/wp-json\/wp\/v2\/pages"}],"about":[{"href":"https:\/\/pruebas.mccusa.co\/pt-br\/wp-json\/wp\/v2\/types\/page"}],"author":[{"embeddable":true,"href":"https:\/\/pruebas.mccusa.co\/pt-br\/wp-json\/wp\/v2\/users\/1"}],"replies":[{"embeddable":true,"href":"https:\/\/pruebas.mccusa.co\/pt-br\/wp-json\/wp\/v2\/comments?post=1709"}],"version-history":[{"count":17,"href":"https:\/\/pruebas.mccusa.co\/pt-br\/wp-json\/wp\/v2\/pages\/1709\/revisions"}],"predecessor-version":[{"id":11588,"href":"https:\/\/pruebas.mccusa.co\/pt-br\/wp-json\/wp\/v2\/pages\/1709\/revisions\/11588"}],"wp:attachment":[{"href":"https:\/\/pruebas.mccusa.co\/pt-br\/wp-json\/wp\/v2\/media?parent=1709"}],"curies":[{"name":"wp","href":"https:\/\/api.w.org\/{rel}","templated":true}]}}